{"id":6,"date":"2019-10-18T12:58:34","date_gmt":"2019-10-18T10:58:34","guid":{"rendered":"https:\/\/studioassociatorutigliano.it\/index.php\/mesmerize-pro\/"},"modified":"2025-12-12T17:06:52","modified_gmt":"2025-12-12T16:06:52","slug":"mesmerize-pro","status":"publish","type":"page","link":"https:\/\/studioassociatorutigliano.it\/","title":{"rendered":"Front Page"},"content":{"rendered":"<div  data-label=\"Chi siamo\" data-id=\"about--1\" data-export-id=\"about-text-image\" data-category=\"about\" class=\"about-text-image content-section content-section-spacing\" id=\"chi-siamo\" style=\"background-color: rgb(245, 250, 253);\"><div  class=\"gridContainer\"> <div  class=\"row\"><div  class=\"col-sm-6 col-padding-small-xs col-sm-padding-large bg-color5 white-text content-col\" data-type=\"column\">  <h2  class=\"\">CHI SIAMO<\/h2> <p  class=\"\">La mia attivit\u00e0 professionale nasce nel 2003 a Milano, in Via Vasto 4, e da allora si \u00e8 ampliata per offrire servizi sempre pi\u00f9 completi nell\u2019amministrazione condominiale.<br >\nSono avvocato, laureato in Giurisprudenza presso l\u2019Universit\u00e0 Cattolica di Milano, e ho integrato la mia esperienza legale con la gestione di stabili, competenza maturata tramite corsi specialistici e anni di attivit\u00e0 nel settore.<br >\nMi occupo principalmente di diritto condominiale e dei diritti reali, ambiti in cui ho sviluppato una significativa esperienza nella gestione delle controversie e delle problematiche che riguardano la vita condominiale.<br >\nLo Studio Rutigliano si avvale di un team qualificato e di un ufficio legale interno guidato da un Avvocato cassazionista. L\u2019obiettivo \u00e8 garantire un\u2019amministrazione trasparente ed efficiente, interventi rapidi e una convivenza condominiale serena e ben organizzata.<\/p><\/div> <div  class=\"col-sm-6 flexbox-strech center-xs middle-xs no-gutter-col\"><div  class=\"shadow-large overlap-left-large flexbox middle-xs center-xs right-img\" data-bg=\"image\" style=\"background-image: url(&quot;https:\/\/studioassociatorutigliano.it\/wp-content\/uploads\/2025\/12\/cropped-cropped-chi_siamo_rutigliano-1-1.jpg&quot;);\"><\/div><\/div> <\/div><\/div> <\/div><div  id=\"cta-1\" data-label=\"Cta\" data-id=\"cta-blue-section\" data-export-id=\"cta-blue-section\" data-category=\"cta\" class=\"cta-blue-section content-section content-section-spacing-medium bg-color1 white-text content-relative\" style=\"background-image: none; background-color: rgb(255, 255, 255);\"><div  class=\"gridContainer\"> <div  class=\"row middle-xs\"><div  class=\"col-sm-8 space-bottom-xs\" data-type=\"column\"> <h2  class=\"\" style=\"text-align: center;\"><span  style=\"color: rgb(0, 0, 0); font-weight: 600;\">RICHIEDI UN PREVENTIVO<\/span><\/h2> <\/div> <div  class=\"col-sm-4 end-sm\" data-type=\"column\"> <a  class=\"button color7\" href=\"#contatti\" target=\"_self\" data-cp-link=\"1\" data-icon=\"\">CONTATTACI<\/a><\/div> <\/div><\/div> <\/div><div  data-label=\"I nostri servizi\" data-id=\"content--1\" data-export-id=\"content-9\" data-category=\"content\" class=\"content-9 content-section content-section-spacing content-relative\" id=\"i-nostri-servizi-1\" style=\"background-color: rgba(3, 169, 244, 0); background-size: cover; background-image: none; background-position: center top;\" data-section-ov=\"1\"><div  class=\"section-separator-top\">\n    <svg  xmlns=\"http:\/\/www.w3.org\/2000\/svg\" viewBox=\"0 0 700 10\" preserveAspectRatio=\"none\" data-separator-name=\"arrow\" class=\"section-separator-top\">\n\t<path  class=\"svg-white-bg\" d=\"M350,10L340,0h20L350,10z\"><\/path>\n<\/svg>\n<\/div><div  class=\"gridContainer\"> <div  class=\"row text-center\"><div  class=\"section-title-col\" data-type=\"column\"> <h2  class=\"\"><span  style=\"font-weight: 700;\">PERCHE\u2019 SCEGLIERE NOI<\/span><\/h2> <\/div> <\/div> <div  class=\"row space-bottom text-center\" data-type=\"row\"> <div  class=\"col-sm-4 col-padding-small\"> <i  class=\"fa icon fa-check reverse round large color7\"><\/i> <h4  class=\"\"><span  style=\"font-weight: 700;\">MODERNITA\u2019<\/span><\/h4> <h5  class=\"\"><span  style=\"font-weight: 300;\">Uno Studio informatizzato, sempre aggiornato sulle normative in continuo mutamento e con una visione panoramica sul settore immobiliare.<\/span><\/h5><\/div> <div  class=\"col-sm-4 col-padding-small\"><i  class=\"fa icon fa-life-bouy reverse round large color7\"><\/i> <h4  class=\"\"><span  style=\"font-weight: 700;\">SERIETA\u2019<\/span><\/h4> <h5  class=\"\"><span  style=\"font-weight: 300;\">Servizi, attivit\u00e0 e tariffe chiare e verificabili. Il nostro approccio con i clienti \u00e8 scandito da modalit\u00e0 operative consolidate che ci permettono di essere trasparenti e tempestivi in fatto di comunicazione e rendicontazione.<\/span><\/h5><\/div> <div  class=\"col-sm-4 col-padding-small\"><i  class=\"fa icon fa-thumbs-o-up reverse round large color7\"><\/i> <h4  class=\"\"><span  style=\"font-weight: 700;\">EFFICIENZA<\/span><\/h4> <h5  class=\"\"><span  style=\"font-weight: 300;\">La nostra missione \u00e8 sollevare i condom\u00ecni da ogni incombenza. Lo Studio Rutigliano offre una gestione ottimizzata dell\u2019amministrazione condominiale, garantendo i migliori risultati nel minor tempo possibile.<\/span><\/h5><\/div> <\/div> <div  class=\"row center-xs middle-xs\"> <div  class=\"col-sm-12\" data-type=\"column\">  <\/div><\/div> <\/div><\/div><div  data-label=\"Cta\" data-id=\"cta--1\" data-export-id=\"cta-centered-section-grid\" data-category=\"cta\" class=\"cta-centered-section-grid content-section content-section-spacing-medium bg-color1 white-text content-relative\" id=\"cta-2\" style=\"background-image: none; background-color: rgb(4, 79, 143);\"><div  class=\"gridContainer\"> <div  class=\"row text-center\"><div  class=\"col-xs-12 col-sm-10 col-sm-offset-1 col-md-8 col-md-offset-2\" data-type=\"column\"> <h2  class=\"\"><span  style=\"font-weight: 700;\">Formazione e aggiornamento continuo<\/span><\/h2> <p  class=\"\">La filosofia che seguiamo si basa sull\u2019innovazione continua e sull\u2019aggiornamento costante e professionale presso il nostro Studio.<\/p> <a  class=\"button color3\" href=\"#contatti\" target=\"_self\" data-cp-link=\"1\" data-icon=\"\">CONTATTACI<\/a><\/div> <\/div><\/div> <\/div><div  data-label=\"I nostri servizi\" data-id=\"features--1\" data-export-id=\"features-13\" data-category=\"features\" class=\"features-13 content-section content-section-spacing content-relative\" id=\"i-nostri-servizi\" style=\"background-color: rgb(245, 250, 253);\"><div  class=\"section-separator-top\">\n    <svg  class=\"section-separator-top\" data-separator-name=\"triangle-asymmetrical-negative\" preserveAspectRatio=\"none\" viewBox=\"0 0 1000 100\" xmlns=\"http:\/\/www.w3.org\/2000\/svg\">\n        <path  class=\"svg-white-bg\" d=\"M737.9,94.7L0,0v100h1000V0L737.9,94.7z\"><\/path>\n    <\/svg>\n<\/div><div  class=\"gridContainer\"> <div  class=\"row text-center\"><div  class=\"section-title-col\" data-type=\"column\"> <h2  class=\"\"><span  class=\"\" style=\"margin-bottom: 16px; outline-color: rgb(204, 204, 204); outline-style: solid; text-rendering: optimizeLegibility; font-size: 2.5rem; line-height: 3rem; word-wrap: break-word;\">COSA OFFRIAMO<\/span><\/h2> <h5  class=\"\"><span  style=\"font-family: &quot;Open Sans&quot;, arial, helvetica, sans-serif; font-weight: 400;\">Siamo in grado di offrire ai nostri clienti una serie di servizi completa ed interdisciplinare, per poter affrontare le problematiche riguardanti il settore ed il mercato immobiliare.<\/span><\/h5><\/div> <\/div> <div  class=\"row spaced-cols\" data-type=\"row\"> <div  class=\"col col-sm-6 space-bottom col-md-4\"> <i  class=\"fa icon fa-calculator bordered round big color7\"><\/i> <h4  class=\"\"><span  style=\"color: rgb(4, 79, 143); font-weight: 700;\">CONTABILITA\u2019<\/span><\/h4> <p  class=\"\">Gestione dal piccolo al grande\n<br >condominio; lo Studio ha la soluzione\n<br >perfetta per la gestione del tuo immobile.<\/p> <\/div> <div  class=\"col col-sm-6 space-bottom col-md-4\"><i  class=\"fa icon fa-connectdevelop bordered round big color7\"><\/i> <h4  class=\"\"><span  style=\"font-weight: 700; color: rgb(4, 79, 143);\">GESTIONE INTERVENTI<\/span><\/h4> <p  class=\"\">Tempismo ed efficacia per qualsiasi\n<br >intervento condominiale a 360\u00b0,\n<br >365 giorni su 365.<\/p> <\/div> <div  class=\"col col-sm-6 space-bottom col-md-4\"><i  class=\"fa icon fa-building-o bordered round big color7\"><\/i> <h4  class=\"\"><span  style=\"font-weight: 700; color: rgb(4, 79, 143);\">GESTIONE AFFITTI<\/span><\/h4> <p  class=\"\">Gestione degli affitti per conto degli\n<br >amministrati. Contattaci per maggiori informazioni.<\/p> <\/div> <div  class=\"col col-sm-6 space-bottom col-md-4\"><i  class=\"fa icon fa-lock bordered round big color7\"><\/i> <h4  class=\"\"><span  style=\"font-weight: 700; color: rgb(4, 79, 143);\">PRIVACY CONDOMINIALE<\/span><\/h4> <p  class=\"\">Accedi all\u2019area Privacy Condominiale per\n<br >poter scaricare l\u2019informativa condominiale costantemente aggiornata.<\/p> <\/div> <div  class=\"col col-sm-6 space-bottom col-md-4\"> <i  class=\"fa icon fa-table bordered round big color7\"><\/i> <h4  class=\"\"><span  style=\"color: rgb(4, 79, 143); font-weight: 700;\">BACHECA CONDOMINIALE<\/span><\/h4> <p  class=\"\">Accedi alla Bacheca Condominiale per\n<br >visualizzare i documenti e gli avvisi del\n<br >tuo condominio.<\/p> <\/div><div  class=\"col col-sm-6 space-bottom col-md-4\"> <i  class=\"fa icon fa-balance-scale bordered round big color7\"><\/i> <h4  class=\"\"><span  style=\"font-weight: 700; color: rgb(4, 79, 143);\">RAPPRESENTANZA LEGALE<\/span><\/h4> <p  class=\"\">Collaboratori in grado di offrire\n<br >rappresentanza legale del tuo\n<br >condominio.<\/p> <\/div><div  class=\"col col-sm-6 space-bottom col-md-4\"> <i  class=\"fa icon fa-th-large bordered round big color7\"><\/i> <h4  class=\"\"><span  style=\"font-weight: 700; color: rgb(4, 79, 143);\">GESTIONE LOCAZIONI<\/span><\/h4> <p  class=\"\">Gestione amministrativa e fiscale dei\n<br >contratti di locazione.<\/p> <\/div><\/div><\/div> <\/div><div  data-label=\"Il Team\" data-id=\"team--1\" data-export-id=\"team-1\" data-category=\"team\" class=\"team-1 content-section content-section-spacing\" id=\"il-team\" style=\"background-color: rgb(255, 255, 255);\"><div  class=\"gridContainer\"> <div  class=\"row text-center\"><div  class=\"section-title-col\" data-type=\"column\"> <h2  class=\"\">Il nostro Team<\/h2> <p  class=\"lead\">La nostra squadra \u00e8 composta da professionisti seri, competenti e costantemente aggiornati su tutte le novit\u00e0 del settore. Umanit\u00e0 e dedizione sono le parole chiave che guidano i nostri collaboratori.<\/p><\/div> <\/div> <div  class=\"row spaced-cols content-center-sm\" data-type=\"row\"> <div  class=\"col-xs-12 col-sm-6 col-md-4 \"> <div  class=\"card bottom-border-color1 no-padding no-shadow\">  <div  data-type=\"column\" class=\"col-padding-small col-padding-small-xs description-container\"> <h4  class=\"font-500\">\n<br ><br >Filippo Ingrao<\/h4> <p  class=\"small\" style=\"font-style: italic;\">Amministrazione e contabilit\u00e0<\/p> <div  class=\"social-icons-group\" data-type=\"group\"> <a  href=\"#\" target=\"_self\" data-reiki-hidden=\"true\"><i  class=\"fa icon fa-facebook-square gray\"><\/i><\/a> <a  href=\"#\" target=\"_self\" data-reiki-hidden=\"true\"><i  class=\"fa icon fa-twitter-square gray\"><\/i><\/a> <a  href=\"#\" target=\"_self\" data-reiki-hidden=\"true\"><i  class=\"fa icon fa-linkedin-square gray\"><\/i><\/a> <a  href=\"#\" target=\"_self\" data-reiki-hidden=\"true\"><i  class=\"fa icon fa-google-plus-square gray\"><\/i><\/a><\/div> <\/div><\/div> <\/div> <div  class=\"col-xs-12 col-sm-6 col-md-4 \"> <div  class=\"card bottom-border-color1 no-padding no-shadow\">  <div  data-type=\"column\" class=\"col-padding-small col-padding-small-xs description-container\"> <h4  class=\"font-500\">\n<br ><br >Valeria Ingrao<\/h4> <p  class=\"small\" style=\"font-style: italic;\">Sinistri e contabilit\u00e0<\/p> <div  class=\"social-icons-group\" data-type=\"group\"> <a  href=\"#\" target=\"_self\" data-reiki-hidden=\"true\"><i  class=\"fa icon fa-facebook-square gray\"><\/i><\/a> <a  href=\"#\" target=\"_self\" data-reiki-hidden=\"true\"><i  class=\"fa icon fa-twitter-square gray\"><\/i><\/a> <a  href=\"#\" target=\"_self\" data-reiki-hidden=\"true\"><i  class=\"fa icon fa-linkedin-square gray\"><\/i><\/a> <a  href=\"#\" target=\"_self\" data-reiki-hidden=\"true\"><i  class=\"fa icon fa-google-plus-square gray\"><\/i><\/a><\/div> <\/div><\/div> <\/div> <div  class=\"col-xs-12 col-sm-6 col-md-4 \"> <div  class=\"card bottom-border-color1 no-padding no-shadow\">  <div  data-type=\"column\" class=\"col-padding-small col-padding-small-xs description-container\"> <h4  class=\"font-500\">\n<br ><br >Avvocato Rutigliano<\/h4> <p  class=\"small\" style=\"font-style: italic;\">Amministratore<\/p> <div  class=\"social-icons-group\" data-type=\"group\"> <a  href=\"#\" target=\"_self\" data-reiki-hidden=\"true\"><i  class=\"fa icon fa-facebook-square gray\"><\/i><\/a> <a  href=\"#\" target=\"_self\" data-reiki-hidden=\"true\"><i  class=\"fa icon fa-twitter-square gray\"><\/i><\/a> <a  href=\"#\" target=\"_self\" data-reiki-hidden=\"true\"><i  class=\"fa icon fa-linkedin-square gray\"><\/i><\/a> <a  href=\"#\" target=\"_self\" data-reiki-hidden=\"true\"><i  class=\"fa icon fa-google-plus-square gray\"><\/i><\/a><\/div> <\/div><\/div> <\/div>     <\/div> <\/div><\/div><div  data-label=\"Overlappable\" data-id=\"overlappable--1\" data-export-id=\"overlappable-3\" data-category=\"overlappable\" class=\"overlappable-3 content-section content-section-spacing\" data-overlap=\"true\" id=\"overlappable-1\" style=\"background-color: rgb(255, 255, 255);\"><div  class=\"gridContainer\"> <div  class=\"row bg-color-white shadow-medium\"><div  class=\"col-xs-12 col-sm-6 image-col first-image-col\" data-bg=\"image\"><\/div> <div  class=\"col-xs-12 col-sm-6 content-col col-padding col-padding-xs\"> <div  class=\"col-padding\" data-type=\"column\"> <h4  class=\"\">RISPOSTA IMMEDIATA<\/h4> <p  class=\"\">Gli interventi richiesti dai nostri condomini vengono evasi dal personale di studio in meno di 24 ore e viene garantito un servizio a 360\u00b0, 365 giorni l\u2019anno. Tutto ci\u00f2 \u00e8 reso possibile grazie ai nostri fornitori, professionisti del settore, in grado di assicurare tutti i servizi e risposta immediata alle emergenze.<\/p> <\/div> <\/div><\/div> <div  class=\"row bg-color-white shadow-medium\"><div  class=\"col-xs-12 col-sm-6 content-col col-padding col-padding-xs\"> <div  class=\"col-padding\" data-type=\"column\"><h4  class=\"\">COLLABORATORI<\/h4> <p  class=\"\">Grazie al lavoro coordinato di pi\u00f9 professionisti \u2013 avvocati, architetti, commercialisti \u2013 e consulenti di fiducia esterni, lo Studio Legale Amministrativo Rutigliano \u00e8 in grado di garantire la massima assistenza in ogni ambito della vita condominiale.<\/p> <\/div> <\/div> <div  class=\"col-xs-12 col-sm-6 image-col second-image-col first-xs last-sm\" data-bg=\"image\" style=\"background-image: url(&quot;https:\/\/studioassociatorutigliano.it\/wp-content\/uploads\/2019\/10\/cropped-Perch\u00e8-sceglierci-2-Copy.jpg&quot;);\"><\/div> <\/div><\/div> <\/div><div  data-label=\"Content\" data-id=\"content--2\" data-export-id=\"content-9\" data-category=\"content\" class=\"content-9 content-section content-section-spacing\" id=\"content-1\" style=\"background-color: rgb(245, 250, 253);\"><div  class=\"gridContainer\"> <div  class=\"row text-center\"><div  class=\"section-title-col\" data-type=\"column\"> <h2  class=\"\">Orari dello Studio<\/h2> <p  class=\"lead\">Si riceve <span  style=\"font-weight: 600;\">solo su appuntamento:<\/span>\n<br >luned\u00ec \u2013 venerd\u00ec 9:00 \u2013 13:00; 14:00 \u2013 18:00<br >\nReperibilit\u00e0 telefonica: 9:00 \u2013 13:00<\/p><\/div> <\/div> <div  class=\"row space-bottom text-center\" data-type=\"row\"> <div  class=\"col-sm-4 col-padding-small\">   <\/div>   <\/div> <div  class=\"row center-xs middle-xs\"> <div  class=\"col-sm-12\" data-type=\"column\">  <\/div><\/div> <\/div><\/div><div  data-label=\"Contact\" data-id=\"contact--2\" data-export-id=\"contact-4\" data-category=\"contact\" class=\"contact-4 content-section\" id=\"contact-1\" style=\"background-color: rgb(255, 255, 255);\"><div  class=\"\"> <div  class=\"row\"><div  class=\"col-xs-12 no-gutter-col\"> <div  data-content-shortcode=\"mesmerize_maps address=&quot;Viale Affori 19 Milano&quot; zoom=&quot;65&quot;\" data-editable=\"true\" class=\"\"><iframe class=\"mesmerize-google-maps mesmerize-frame-map\" src=\"https:\/\/maps.google.com\/maps?q=Viale Affori 19 Milano&amp;z=14&amp;t=m&amp;output=embed&amp;iwloc=near\"><\/iframe><\/div><\/div> <\/div><\/div> <\/div>","protected":false},"excerpt":{"rendered":"<p>CHI SIAMO La mia attivit\u00e0 professionale nasce nel 2003 a Milano, in Via Vasto 4, e da allora si \u00e8 ampliata per offrire servizi sempre pi\u00f9 completi nell\u2019amministrazione condominiale. Sono avvocato, laureato in Giurisprudenza presso l\u2019Universit\u00e0 Cattolica di Milano, e ho integrato la mia esperienza legale con la gestione di stabili, competenza maturata tramite corsi&hellip; <br \/> <a class=\"read-more\" href=\"https:\/\/studioassociatorutigliano.it\/\">Read more<\/a><\/p>\n","protected":false},"author":1,"featured_media":0,"parent":0,"menu_order":0,"comment_status":"closed","ping_status":"closed","template":"page-templates\/homepage.php","meta":{"footnotes":""},"class_list":["post-6","page","type-page","status-publish","hentry"],"_links":{"self":[{"href":"https:\/\/studioassociatorutigliano.it\/index.php?rest_route=\/wp\/v2\/pages\/6","targetHints":{"allow":["GET"]}}],"collection":[{"href":"https:\/\/studioassociatorutigliano.it\/index.php?rest_route=\/wp\/v2\/pages"}],"about":[{"href":"https:\/\/studioassociatorutigliano.it\/index.php?rest_route=\/wp\/v2\/types\/page"}],"author":[{"embeddable":true,"href":"https:\/\/studioassociatorutigliano.it\/index.php?rest_route=\/wp\/v2\/users\/1"}],"replies":[{"embeddable":true,"href":"https:\/\/studioassociatorutigliano.it\/index.php?rest_route=%2Fwp%2Fv2%2Fcomments&post=6"}],"version-history":[{"count":49,"href":"https:\/\/studioassociatorutigliano.it\/index.php?rest_route=\/wp\/v2\/pages\/6\/revisions"}],"predecessor-version":[{"id":197,"href":"https:\/\/studioassociatorutigliano.it\/index.php?rest_route=\/wp\/v2\/pages\/6\/revisions\/197"}],"wp:attachment":[{"href":"https:\/\/studioassociatorutigliano.it\/index.php?rest_route=%2Fwp%2Fv2%2Fmedia&parent=6"}],"curies":[{"name":"wp","href":"https:\/\/api.w.org\/{rel}","templated":true}]}}